{"id":6,"date":"2025-02-12T09:26:16","date_gmt":"2025-02-12T09:26:16","guid":{"rendered":"https:\/\/www.egyedibutor87.hu\/?page_id=6"},"modified":"2025-09-18T09:41:24","modified_gmt":"2025-09-18T09:41:24","slug":"rolunk","status":"publish","type":"page","link":"https:\/\/www.egyedibutor87.hu\/?page_id=6","title":{"rendered":"R\u00f3lunk"},"content":{"rendered":"\n<figure class=\"wp-block-image\"><img decoding=\"async\" src=\"https:\/\/www.egyedibutor87.hu\/wp-content\/uploads\/2025\/09\/IMGuu_20250918_102437.jpg\" alt=\"Az aktu\u00e1lis k\u00e9pnek nincs alternat\u00edv sz\u00f6vege. A f\u00e1jl neve: imguu_20250918_102437\"\/><\/figure>\n\n\n\n<p>R\u00f3lam<\/p>\n\n\n\n<p>Egyedi b\u00fatork\u00e9sz\u00edt\u0151 mester, asztalos vagyok. M\u00e1r technika \u00f3r\u00e1n is f\u00fartam, faragtam \u00e9s bark\u00e1csoltam, \u00edgy nem okozott sz\u00e1momra kih\u00edv\u00e1st a p\u00e1lyav\u00e1laszt\u00e1s. Mindig is szerettem elk\u00e9pzelni, megtervezni \u00e9s megval\u00f3s\u00edtani dolgokat, f\u0151leg b\u00fatorokat, ez\u00e9rt v\u00e1lasztottam az asztalos szakm\u00e1t.<\/p>\n\n\n\n<p>15 \u00e9ve egyedi b\u00fatorok k\u00e9sz\u00edt\u00e9s\u00e9vel foglalkozom.<\/p>\n\n\n\n<p>V\u00e1llalkoz\u00e1somat 4 \u00e9ve ind\u00edtottam, melynek f\u0151 profilja az egyedi b\u00fatorok k\u00e9sz\u00edt\u00e9se, ez az amiben a legink\u00e1bb kifejezhetem kreativit\u00e1som, term\u00e9szetesen mindig az \u00fcgyf\u00e9l elk\u00e9pzel\u00e9seit \u00e9s k\u00edv\u00e1ns\u00e1gait szem el\u0151tt tartva, hiszen sz\u00e1momra a legfontosabb, hogy megrendel\u0151im maxim\u00e1lisan el\u00e9gedettek legyenek \u00e9s j\u00f3 sz\u00edvvel aj\u00e1nljanak m\u00e1soknak is!<\/p>\n\n\n\n<p>Szeretn\u00e9 \u00e1lmai otthon\u00e1t megval\u00f3s\u00edtani, legyen sz\u00f3 konyhab\u00fatorr\u00f3l, f\u00fcrd\u0151szobab\u00fatorr\u00f3l, szekr\u00e9nysorr\u00f3l, gardr\u00f3bszekr\u00e9nyr\u0151l, irodab\u00fatorr\u00f3l, gyerekszoba b\u00fatorr\u00f3l, h\u00e1l\u00f3szoba b\u00fatorr\u00f3l, vagy b\u00e1rmilyen egyedi b\u00fator megold\u00e1sr\u00f3l?<br>Szeretn\u00e9, ha egy kit\u0171n\u0151, megb\u00edzhat\u00f3 asztalos megoldan\u00e1 ezt az \u00e1lm\u00e1t? Maxim\u00e1lisan t\u00f6reksz\u00fcnk a min\u0151s\u00e9gi, pontos, prec\u00edz, eszt\u00e9tikus munk\u00e1ra, hogy a meg\u00e1lmodott b\u00fator minden elk\u00e9pzel\u00e9snek t\u00f6k\u00e9letesen megfeleljen!&nbsp;<\/p>\n\n\n\n<p>A r\u00f6vid hat\u00e1rid\u0151, a min\u0151s\u00e9gi \u00e9s pontos munkav\u00e9gz\u00e9s sz\u00e1munkra teljesen term\u00e9szetes, ezt bizony\u00edtja az a t\u00f6bb sz\u00e1z el\u00e9gedett \u00fcgyf\u00e9l, akik \u00f6r\u00f6mmel haszn\u00e1lj\u00e1k a meg\u00e1lmodott b\u00fatorokat, legyen sz\u00f3 f\u00fcrd\u0151szoba b\u00fatorr\u00f3l, konyha b\u00fatorr\u00f3l, be\u00e9p\u00edtett szekr\u00e9nyr\u0151l, gardr\u00f3b szekr\u00e9nyr\u0151l, gyerekszoba b\u00fatorr\u00f3l, h\u00e1l\u00f3szoba b\u00fatorr\u00f3l, nappali b\u00fatorr\u00f3l, vagy b\u00e1rmilyen egyedi b\u00fatorr\u00f3l.<\/p>\n\n\n\n<p>Az asztalos munka, mely egyenesen a k\u00e9sz\u00edt\u0151t\u0151l, az \u00fcgyf\u00e9l elk\u00e9pzel\u00e9sei szerint ker\u00fcl otthon\u00e1ba.<\/p>\n\n\n\n<p>V\u00e1llalok b\u00e1rmilyen egyedi b\u00fator k\u00e9sz\u00edt\u00e9st a gardr\u00f3bszekr\u00e9nyt\u0151l a konyha-, f\u00fcrd\u0151szoba-, nappali, iroda- gyerekszoba- b\u00fatorig a tervez\u00e9st\u0151l az elk\u00e9sz\u00edt\u00e9s\u00e9n \u00e1t a beszerel\u00e9sig. Komplett bels\u0151\u00e9p\u00edt\u00e9szeti terek kialak\u00edt\u00e1sa sem jelent probl\u00e9m\u00e1t.<\/p>\n\n\n\n<p>Ha \u00d6nnek fontos a korrekt hozz\u00e1\u00e1ll\u00e1s, prec\u00edz \u00e9s lelkiismeretes munkav\u00e9gz\u00e9s, hat\u00e1rid\u0151k betart\u00e1sa, kedvez\u0151 \u00e1r\/\u00e9rt\u00e9k ar\u00e1ny, akkor keressen b\u00e1tran.<\/p>\n\n\n\n<p>Cegl\u00e9d vonz\u00e1sk\u00f6rzet\u00e9ben ingyenes helysz\u00edni felm\u00e9r\u00e9s alkalm\u00e1val, az \u00e9rdekl\u0151d\u0151 ig\u00e9nyeinek megismer\u00e9se ut\u00e1n p\u00e1r napon bel\u00fcl ingyenes \u00e1raj\u00e1nlatot k\u00e9sz\u00edtek.<br>K\u00f6z\u00f6sen egy\u00fcttm\u0171k\u00f6dve sz\u00e9p \u00e9s harmonikus b\u00fatorokat alkotok megrendel\u0151imnek.<\/p>\n\n\n\n<p><\/p>\n","protected":false},"excerpt":{"rendered":"<p>R\u00f3lam Egyedi b\u00fatork\u00e9sz\u00edt\u0151 mester, asztalos vagyok. M\u00e1r technika \u00f3r\u00e1n is f\u00fartam, faragtam \u00e9s bark\u00e1csoltam, \u00edgy nem okozott sz\u00e1momra kih\u00edv\u00e1st a p\u00e1lyav\u00e1laszt\u00e1s. Mindig is szerettem elk\u00e9pzelni, megtervezni \u00e9s megval\u00f3s\u00edtani dolgokat, f\u0151leg b\u00fatorokat, ez\u00e9rt v\u00e1lasztottam az asztalos szakm\u00e1t. 15 \u00e9ve egyedi b\u00fatorok k\u00e9sz\u00edt\u00e9s\u00e9vel foglalkozom. V\u00e1llalkoz\u00e1somat 4 \u00e9ve ind\u00edtottam, melynek f\u0151 profilja az egyedi b\u00fatorok k\u00e9sz\u00edt\u00e9se, ez az [&hellip;]<\/p>\n","protected":false},"author":1,"featured_media":535,"parent":0,"menu_order":0,"comment_status":"closed","ping_status":"closed","template":"","meta":{"footnotes":""},"class_list":["post-6","page","type-page","status-publish","has-post-thumbnail","hentry"],"yoast_head":"<!-- This site is optimized with the Yoast SEO plugin v27.0 - https:\/\/yoast.com\/product\/yoast-seo-wordpress\/ -->\n<title>R\u00f3lunk - Egyedibutor87<\/title>\n<meta name=\"robots\" content=\"index, follow, max-snippet:-1, max-image-preview:large, max-video-preview:-1\" \/>\n<link rel=\"canonical\" href=\"https:\/\/www.egyedibutor87.hu\/?page_id=6\" \/>\n<meta property=\"og:locale\" content=\"hu_HU\" \/>\n<meta property=\"og:type\" content=\"article\" \/>\n<meta property=\"og:title\" content=\"R\u00f3lunk - Egyedibutor87\" \/>\n<meta property=\"og:description\" content=\"R\u00f3lam Egyedi b\u00fatork\u00e9sz\u00edt\u0151 mester, asztalos vagyok. M\u00e1r technika \u00f3r\u00e1n is f\u00fartam, faragtam \u00e9s bark\u00e1csoltam, \u00edgy nem okozott sz\u00e1momra kih\u00edv\u00e1st a p\u00e1lyav\u00e1laszt\u00e1s. Mindig is szerettem elk\u00e9pzelni, megtervezni \u00e9s megval\u00f3s\u00edtani dolgokat, f\u0151leg b\u00fatorokat, ez\u00e9rt v\u00e1lasztottam az asztalos szakm\u00e1t. 15 \u00e9ve egyedi b\u00fatorok k\u00e9sz\u00edt\u00e9s\u00e9vel foglalkozom. V\u00e1llalkoz\u00e1somat 4 \u00e9ve ind\u00edtottam, melynek f\u0151 profilja az egyedi b\u00fatorok k\u00e9sz\u00edt\u00e9se, ez az [&hellip;]\" \/>\n<meta property=\"og:url\" content=\"https:\/\/www.egyedibutor87.hu\/?page_id=6\" \/>\n<meta property=\"og:site_name\" content=\"Egyedibutor87\" \/>\n<meta property=\"article:modified_time\" content=\"2025-09-18T09:41:24+00:00\" \/>\n<meta property=\"og:image\" content=\"https:\/\/www.egyedibutor87.hu\/wp-content\/uploads\/2025\/09\/IMGuu_20250918_102437.jpg\" \/>\n\t<meta property=\"og:image:width\" content=\"3450\" \/>\n\t<meta property=\"og:image:height\" content=\"2091\" \/>\n\t<meta property=\"og:image:type\" content=\"image\/jpeg\" \/>\n<meta name=\"twitter:card\" content=\"summary_large_image\" \/>\n<meta name=\"twitter:label1\" content=\"Becs\u00fclt olvas\u00e1si id\u0151\" \/>\n\t<meta name=\"twitter:data1\" content=\"2 perc\" \/>\n<script type=\"application\/ld+json\" class=\"yoast-schema-graph\">{\"@context\":\"https:\/\/schema.org\",\"@graph\":[{\"@type\":\"WebPage\",\"@id\":\"https:\/\/www.egyedibutor87.hu\/?page_id=6\",\"url\":\"https:\/\/www.egyedibutor87.hu\/?page_id=6\",\"name\":\"R\u00f3lunk - Egyedibutor87\",\"isPartOf\":{\"@id\":\"https:\/\/www.egyedibutor87.hu\/#website\"},\"primaryImageOfPage\":{\"@id\":\"https:\/\/www.egyedibutor87.hu\/?page_id=6#primaryimage\"},\"image\":{\"@id\":\"https:\/\/www.egyedibutor87.hu\/?page_id=6#primaryimage\"},\"thumbnailUrl\":\"https:\/\/www.egyedibutor87.hu\/wp-content\/uploads\/2025\/09\/IMGuu_20250918_102437.jpg\",\"datePublished\":\"2025-02-12T09:26:16+00:00\",\"dateModified\":\"2025-09-18T09:41:24+00:00\",\"breadcrumb\":{\"@id\":\"https:\/\/www.egyedibutor87.hu\/?page_id=6#breadcrumb\"},\"inLanguage\":\"hu\",\"potentialAction\":[{\"@type\":\"ReadAction\",\"target\":[\"https:\/\/www.egyedibutor87.hu\/?page_id=6\"]}]},{\"@type\":\"ImageObject\",\"inLanguage\":\"hu\",\"@id\":\"https:\/\/www.egyedibutor87.hu\/?page_id=6#primaryimage\",\"url\":\"https:\/\/www.egyedibutor87.hu\/wp-content\/uploads\/2025\/09\/IMGuu_20250918_102437.jpg\",\"contentUrl\":\"https:\/\/www.egyedibutor87.hu\/wp-content\/uploads\/2025\/09\/IMGuu_20250918_102437.jpg\",\"width\":3450,\"height\":2091},{\"@type\":\"BreadcrumbList\",\"@id\":\"https:\/\/www.egyedibutor87.hu\/?page_id=6#breadcrumb\",\"itemListElement\":[{\"@type\":\"ListItem\",\"position\":1,\"name\":\"Kezd\u0151lap\",\"item\":\"https:\/\/www.egyedibutor87.hu\/\"},{\"@type\":\"ListItem\",\"position\":2,\"name\":\"R\u00f3lunk\"}]},{\"@type\":\"WebSite\",\"@id\":\"https:\/\/www.egyedibutor87.hu\/#website\",\"url\":\"https:\/\/www.egyedibutor87.hu\/\",\"name\":\"Egyedibutor87\",\"description\":\"\",\"potentialAction\":[{\"@type\":\"SearchAction\",\"target\":{\"@type\":\"EntryPoint\",\"urlTemplate\":\"https:\/\/www.egyedibutor87.hu\/?s={search_term_string}\"},\"query-input\":{\"@type\":\"PropertyValueSpecification\",\"valueRequired\":true,\"valueName\":\"search_term_string\"}}],\"inLanguage\":\"hu\"}]}<\/script>\n<!-- \/ Yoast SEO plugin. -->","yoast_head_json":{"title":"R\u00f3lunk - Egyedibutor87","robots":{"index":"index","follow":"follow","max-snippet":"max-snippet:-1","max-image-preview":"max-image-preview:large","max-video-preview":"max-video-preview:-1"},"canonical":"https:\/\/www.egyedibutor87.hu\/?page_id=6","og_locale":"hu_HU","og_type":"article","og_title":"R\u00f3lunk - Egyedibutor87","og_description":"R\u00f3lam Egyedi b\u00fatork\u00e9sz\u00edt\u0151 mester, asztalos vagyok. M\u00e1r technika \u00f3r\u00e1n is f\u00fartam, faragtam \u00e9s bark\u00e1csoltam, \u00edgy nem okozott sz\u00e1momra kih\u00edv\u00e1st a p\u00e1lyav\u00e1laszt\u00e1s. Mindig is szerettem elk\u00e9pzelni, megtervezni \u00e9s megval\u00f3s\u00edtani dolgokat, f\u0151leg b\u00fatorokat, ez\u00e9rt v\u00e1lasztottam az asztalos szakm\u00e1t. 15 \u00e9ve egyedi b\u00fatorok k\u00e9sz\u00edt\u00e9s\u00e9vel foglalkozom. V\u00e1llalkoz\u00e1somat 4 \u00e9ve ind\u00edtottam, melynek f\u0151 profilja az egyedi b\u00fatorok k\u00e9sz\u00edt\u00e9se, ez az [&hellip;]","og_url":"https:\/\/www.egyedibutor87.hu\/?page_id=6","og_site_name":"Egyedibutor87","article_modified_time":"2025-09-18T09:41:24+00:00","og_image":[{"width":3450,"height":2091,"url":"https:\/\/www.egyedibutor87.hu\/wp-content\/uploads\/2025\/09\/IMGuu_20250918_102437.jpg","type":"image\/jpeg"}],"twitter_card":"summary_large_image","twitter_misc":{"Becs\u00fclt olvas\u00e1si id\u0151":"2 perc"},"schema":{"@context":"https:\/\/schema.org","@graph":[{"@type":"WebPage","@id":"https:\/\/www.egyedibutor87.hu\/?page_id=6","url":"https:\/\/www.egyedibutor87.hu\/?page_id=6","name":"R\u00f3lunk - Egyedibutor87","isPartOf":{"@id":"https:\/\/www.egyedibutor87.hu\/#website"},"primaryImageOfPage":{"@id":"https:\/\/www.egyedibutor87.hu\/?page_id=6#primaryimage"},"image":{"@id":"https:\/\/www.egyedibutor87.hu\/?page_id=6#primaryimage"},"thumbnailUrl":"https:\/\/www.egyedibutor87.hu\/wp-content\/uploads\/2025\/09\/IMGuu_20250918_102437.jpg","datePublished":"2025-02-12T09:26:16+00:00","dateModified":"2025-09-18T09:41:24+00:00","breadcrumb":{"@id":"https:\/\/www.egyedibutor87.hu\/?page_id=6#breadcrumb"},"inLanguage":"hu","potentialAction":[{"@type":"ReadAction","target":["https:\/\/www.egyedibutor87.hu\/?page_id=6"]}]},{"@type":"ImageObject","inLanguage":"hu","@id":"https:\/\/www.egyedibutor87.hu\/?page_id=6#primaryimage","url":"https:\/\/www.egyedibutor87.hu\/wp-content\/uploads\/2025\/09\/IMGuu_20250918_102437.jpg","contentUrl":"https:\/\/www.egyedibutor87.hu\/wp-content\/uploads\/2025\/09\/IMGuu_20250918_102437.jpg","width":3450,"height":2091},{"@type":"BreadcrumbList","@id":"https:\/\/www.egyedibutor87.hu\/?page_id=6#breadcrumb","itemListElement":[{"@type":"ListItem","position":1,"name":"Kezd\u0151lap","item":"https:\/\/www.egyedibutor87.hu\/"},{"@type":"ListItem","position":2,"name":"R\u00f3lunk"}]},{"@type":"WebSite","@id":"https:\/\/www.egyedibutor87.hu\/#website","url":"https:\/\/www.egyedibutor87.hu\/","name":"Egyedibutor87","description":"","potentialAction":[{"@type":"SearchAction","target":{"@type":"EntryPoint","urlTemplate":"https:\/\/www.egyedibutor87.hu\/?s={search_term_string}"},"query-input":{"@type":"PropertyValueSpecification","valueRequired":true,"valueName":"search_term_string"}}],"inLanguage":"hu"}]}},"_links":{"self":[{"href":"https:\/\/www.egyedibutor87.hu\/index.php?rest_route=\/wp\/v2\/pages\/6","targetHints":{"allow":["GET"]}}],"collection":[{"href":"https:\/\/www.egyedibutor87.hu\/index.php?rest_route=\/wp\/v2\/pages"}],"about":[{"href":"https:\/\/www.egyedibutor87.hu\/index.php?rest_route=\/wp\/v2\/types\/page"}],"author":[{"embeddable":true,"href":"https:\/\/www.egyedibutor87.hu\/index.php?rest_route=\/wp\/v2\/users\/1"}],"replies":[{"embeddable":true,"href":"https:\/\/www.egyedibutor87.hu\/index.php?rest_route=%2Fwp%2Fv2%2Fcomments&post=6"}],"version-history":[{"count":8,"href":"https:\/\/www.egyedibutor87.hu\/index.php?rest_route=\/wp\/v2\/pages\/6\/revisions"}],"predecessor-version":[{"id":538,"href":"https:\/\/www.egyedibutor87.hu\/index.php?rest_route=\/wp\/v2\/pages\/6\/revisions\/538"}],"wp:featuredmedia":[{"embeddable":true,"href":"https:\/\/www.egyedibutor87.hu\/index.php?rest_route=\/wp\/v2\/media\/535"}],"wp:attachment":[{"href":"https:\/\/www.egyedibutor87.hu\/index.php?rest_route=%2Fwp%2Fv2%2Fmedia&parent=6"}],"curies":[{"name":"wp","href":"https:\/\/api.w.org\/{rel}","templated":true}]}}